{"id":478,"date":"2025-10-09T09:34:24","date_gmt":"2025-10-09T09:34:24","guid":{"rendered":"https:\/\/247blackjack.casino\/hem\/"},"modified":"2025-11-04T15:41:49","modified_gmt":"2025-11-04T15:41:49","slug":"hem","status":"publish","type":"page","link":"https:\/\/247blackjack.casino\/sv\/","title":{"rendered":"Hem"},"content":{"rendered":"\t\t<div data-elementor-type=\"wp-page\" data-elementor-id=\"478\" class=\"elementor elementor-478 elementor-48\" data-elementor-post-type=\"page\">\n\t\t\t\t<div class=\"elementor-element elementor-element-175e8fc9 e-flex e-con-boxed e-con e-parent\" data-id=\"175e8fc9\" data-element_type=\"container\">\n\t\t\t\t\t<div class=\"e-con-inner\">\n\t\t\t\t<div class=\"elementor-element elementor-element-1f94f07c elementor-widget elementor-widget-heading\" data-id=\"1f94f07c\" data-element_type=\"widget\" data-widget_type=\"heading.default\">\n\t\t\t\t\t<h1 class=\"elementor-heading-title elementor-size-default\">Bem\u00e4stra spelet blackjack \u2014 n\u00e4r som helst, var som helst\n<\/h1>\t\t\t\t<\/div>\n\t\t\t\t<div class=\"elementor-element elementor-element-30dd2a59 elementor-widget__width-initial elementor-widget-mobile__width-inherit elementor-widget elementor-widget-text-editor\" data-id=\"30dd2a59\" data-element_type=\"widget\" data-widget_type=\"text-editor.default\">\n\t\t\t\t\t\t\t\t\t<p>Din ultimata guide dygnet runt f\u00f6r att l\u00e4ra dig, spela och vinna i blackjack.<br>Fr\u00e5n nyb\u00f6rjartips till avancerade strategier, vi har koll p\u00e5 varje kort.<\/p>\t\t\t\t\t\t\t\t<\/div>\n\t\t\t\t\t<\/div>\n\t\t\t\t<\/div>\n\t\t<div class=\"elementor-element elementor-element-4026fd3a e-flex e-con-boxed e-con e-parent\" data-id=\"4026fd3a\" data-element_type=\"container\">\n\t\t\t\t\t<div class=\"e-con-inner\">\n\t\t\t\t<div class=\"elementor-element elementor-element-2fe1428 elementor-widget elementor-widget-heading\" data-id=\"2fe1428\" data-element_type=\"widget\" data-widget_type=\"heading.default\">\n\t\t\t\t\t<h2 class=\"elementor-heading-title elementor-size-default\">Popul\u00e4ra inl\u00e4gg:<\/h2>\t\t\t\t<\/div>\n\t\t<div class=\"elementor-element elementor-element-4771fb2 e-con-full e-flex e-con e-child\" data-id=\"4771fb2\" data-element_type=\"container\">\n\t\t<div class=\"elementor-element elementor-element-edacb21 e-grid e-con-full e-con e-child\" data-id=\"edacb21\" data-element_type=\"container\">\n\t\t<div class=\"elementor-element elementor-element-06a4d20 e-con-full e-flex e-con e-child\" data-id=\"06a4d20\" data-element_type=\"container\" data-settings=\"{&quot;background_background&quot;:&quot;classic&quot;}\">\n\t\t\t\t<div class=\"elementor-element elementor-element-2f401a0 elementor-widget__width-inherit elementor-widget elementor-widget-heading\" data-id=\"2f401a0\" data-element_type=\"widget\" data-widget_type=\"heading.default\">\n\t\t\t\t\t<h4 class=\"elementor-heading-title elementor-size-default\"><a href=\"https:\/\/247blackjack.casino\/how-to-play-blackjack\/\">L\u00e4r dig BlackJack<\/a><\/h4>\t\t\t\t<\/div>\n\t\t\t\t<\/div>\n\t\t<div class=\"elementor-element elementor-element-af6e03d e-con-full e-flex e-con e-child\" data-id=\"af6e03d\" data-element_type=\"container\" data-settings=\"{&quot;background_background&quot;:&quot;classic&quot;}\">\n\t\t\t\t<div class=\"elementor-element elementor-element-af92df4 elementor-widget__width-inherit elementor-widget elementor-widget-heading\" data-id=\"af92df4\" data-element_type=\"widget\" data-widget_type=\"heading.default\">\n\t\t\t\t\t<h4 class=\"elementor-heading-title elementor-size-default\"><a href=\"https:\/\/247blackjack.casino\/blackjack-strategy\/\">Bygg din strategi<\/a><\/h4>\t\t\t\t<\/div>\n\t\t\t\t<\/div>\n\t\t<div class=\"elementor-element elementor-element-3681acd e-con-full e-flex e-con e-child\" data-id=\"3681acd\" data-element_type=\"container\" data-settings=\"{&quot;background_background&quot;:&quot;classic&quot;}\">\n\t\t\t\t<div class=\"elementor-element elementor-element-b73fe0e elementor-widget__width-inherit elementor-widget elementor-widget-heading\" data-id=\"b73fe0e\" data-element_type=\"widget\" data-widget_type=\"heading.default\">\n\t\t\t\t\t<h4 class=\"elementor-heading-title elementor-size-default\"><a href=\"https:\/\/247blackjack.casino\/blackjack-variants\/\">BlackJack-regelvarianter<\/a><\/h4>\t\t\t\t<\/div>\n\t\t\t\t<\/div>\n\t\t<div class=\"elementor-element elementor-element-f73534a e-con-full e-flex e-con e-child\" data-id=\"f73534a\" data-element_type=\"container\" data-settings=\"{&quot;background_background&quot;:&quot;classic&quot;}\">\n\t\t\t\t<div class=\"elementor-element elementor-element-4a59b2c elementor-widget__width-inherit elementor-widget elementor-widget-heading\" data-id=\"4a59b2c\" data-element_type=\"widget\" data-widget_type=\"heading.default\">\n\t\t\t\t\t<h4 class=\"elementor-heading-title elementor-size-default\"><a href=\"https:\/\/247blackjack.casino\/blackjack-news-and-guides\/\">Nyheter &amp; insikter<\/a><\/h4>\t\t\t\t<\/div>\n\t\t\t\t<\/div>\n\t\t\t\t<\/div>\n\t\t\t\t<\/div>\n\t\t\t\t\t<\/div>\n\t\t\t\t<\/div>\n\t\t<div class=\"elementor-element elementor-element-29797749 elementor-hidden-desktop elementor-hidden-tablet elementor-hidden-mobile e-flex e-con-boxed e-con e-parent\" data-id=\"29797749\" data-element_type=\"container\">\n\t\t\t\t\t<div class=\"e-con-inner\">\n\t\t<div class=\"elementor-element elementor-element-9f1df2c e-flex e-con-boxed e-con e-child\" data-id=\"9f1df2c\" data-element_type=\"container\" data-settings=\"{&quot;background_background&quot;:&quot;classic&quot;}\">\n\t\t\t\t\t<div class=\"e-con-inner\">\n\t\t\t\t<div class=\"elementor-element elementor-element-74091d4f elementor-widget elementor-widget-heading\" data-id=\"74091d4f\" data-element_type=\"widget\" data-widget_type=\"heading.default\">\n\t\t\t\t\t<h2 class=\"elementor-heading-title elementor-size-default\">G\u00e5 med i v\u00e5rt nyhetsbrev\nf\u00f6r att h\u00e5lla dig uppdaterad<\/h2>\t\t\t\t<\/div>\n\t\t\t\t<div class=\"elementor-element elementor-element-328fecdc elementor-button-align-stretch elementor-widget elementor-widget-form\" data-id=\"328fecdc\" data-element_type=\"widget\" data-settings=\"{&quot;step_next_label&quot;:&quot;N\\u00e4sta&quot;,&quot;step_previous_label&quot;:&quot;F\\u00f6reg\\u00e5ende&quot;,&quot;button_width&quot;:&quot;40&quot;,&quot;button_width_tablet&quot;:&quot;40&quot;,&quot;step_type&quot;:&quot;number_text&quot;,&quot;step_icon_shape&quot;:&quot;circle&quot;}\" data-widget_type=\"form.default\">\n\t\t\t\t\t\t\t<form class=\"elementor-form\" method=\"post\" name=\"Nyhetsbrevformul\u00e4r\" aria-label=\"Nyhetsbrevformul\u00e4r\">\n\t\t\t<input type=\"hidden\" name=\"post_id\" value=\"478\"\/>\n\t\t\t<input type=\"hidden\" name=\"form_id\" value=\"328fecdc\"\/>\n\t\t\t<input type=\"hidden\" name=\"referer_title\" value=\"Hem - 247 Blackjack\" \/>\n\n\t\t\t\t\t\t\t<input type=\"hidden\" name=\"queried_id\" value=\"478\"\/>\n\t\t\t\n\t\t\t<div class=\"elementor-form-fields-wrapper elementor-labels-\">\n\t\t\t\t\t\t\t\t<div class=\"elementor-field-type-email elementor-field-group elementor-column elementor-field-group-email elementor-col-60 elementor-md-60 elementor-field-required\">\n\t\t\t\t\t\t\t\t\t\t\t\t<label for=\"form-field-email\" class=\"elementor-field-label elementor-screen-only\">\n\t\t\t\t\t\t\t\tDin email\t\t\t\t\t\t\t<\/label>\n\t\t\t\t\t\t\t\t\t\t\t\t\t\t<input size=\"1\" type=\"email\" name=\"form_fields[email]\" id=\"form-field-email\" class=\"elementor-field elementor-size-md  elementor-field-textual\" placeholder=\"Din email\" required=\"required\">\n\t\t\t\t\t\t\t\t\t\t\t<\/div>\n\t\t\t\t\t\t\t\t<div class=\"elementor-field-group elementor-column elementor-field-type-submit elementor-col-40 e-form__buttons elementor-md-40\">\n\t\t\t\t\t<button class=\"elementor-button elementor-size-md\" type=\"submit\">\n\t\t\t\t\t\t<span class=\"elementor-button-content-wrapper\">\n\t\t\t\t\t\t\t\t\t\t\t\t\t\t\t\t\t\t\t\t\t\t<span class=\"elementor-button-text\">prenumerera<\/span>\n\t\t\t\t\t\t\t\t\t\t\t\t\t<\/span>\n\t\t\t\t\t<\/button>\n\t\t\t\t<\/div>\n\t\t\t<\/div>\n\t\t<\/form>\n\t\t\t\t\t\t<\/div>\n\t\t\t\t\t<\/div>\n\t\t\t\t<\/div>\n\t\t\t\t\t<\/div>\n\t\t\t\t<\/div>\n\t\t<div class=\"elementor-element elementor-element-64d165da e-flex e-con-boxed e-con e-parent\" data-id=\"64d165da\" data-element_type=\"container\">\n\t\t\t\t\t<div class=\"e-con-inner\">\n\t\t\t\t<div class=\"elementor-element elementor-element-340cf6fb elementor-widget elementor-widget-heading\" data-id=\"340cf6fb\" data-element_type=\"widget\" data-widget_type=\"heading.default\">\n\t\t\t\t\t<h2 class=\"elementor-heading-title elementor-size-default\">Senaste inl\u00e4gg:<\/h2>\t\t\t\t<\/div>\n\t\t\t\t\t<\/div>\n\t\t\t\t<\/div>\n\t\t\t\t<\/div>\n\t\t","protected":false},"excerpt":{"rendered":"<p>Bem\u00e4stra spelet blackjack \u2014 n\u00e4r som helst, var som helst Din ultimata guide dygnet runt f\u00f6r att l\u00e4ra dig, spela och vinna i blackjack.Fr\u00e5n nyb\u00f6rjartips till avancerade strategier, vi har koll p\u00e5 varje kort. Popul\u00e4ra inl\u00e4gg: L\u00e4r dig BlackJack Bygg din strategi BlackJack-regelvarianter Nyheter &amp; insikter G\u00e5 med i v\u00e5rt nyhetsbrev f\u00f6r att h\u00e5lla dig [&hellip;]<\/p>\n","protected":false},"author":1,"featured_media":480,"parent":0,"menu_order":0,"comment_status":"closed","ping_status":"closed","template":"elementor_header_footer","meta":{"footnotes":""},"class_list":["post-478","page","type-page","status-publish","has-post-thumbnail","hentry"],"_links":{"self":[{"href":"https:\/\/247blackjack.casino\/sv\/wp-json\/wp\/v2\/pages\/478","targetHints":{"allow":["GET"]}}],"collection":[{"href":"https:\/\/247blackjack.casino\/sv\/wp-json\/wp\/v2\/pages"}],"about":[{"href":"https:\/\/247blackjack.casino\/sv\/wp-json\/wp\/v2\/types\/page"}],"author":[{"embeddable":true,"href":"https:\/\/247blackjack.casino\/sv\/wp-json\/wp\/v2\/users\/1"}],"replies":[{"embeddable":true,"href":"https:\/\/247blackjack.casino\/sv\/wp-json\/wp\/v2\/comments?post=478"}],"version-history":[{"count":1,"href":"https:\/\/247blackjack.casino\/sv\/wp-json\/wp\/v2\/pages\/478\/revisions"}],"predecessor-version":[{"id":484,"href":"https:\/\/247blackjack.casino\/sv\/wp-json\/wp\/v2\/pages\/478\/revisions\/484"}],"wp:featuredmedia":[{"embeddable":true,"href":"https:\/\/247blackjack.casino\/sv\/wp-json\/wp\/v2\/media\/480"}],"wp:attachment":[{"href":"https:\/\/247blackjack.casino\/sv\/wp-json\/wp\/v2\/media?parent=478"}],"curies":[{"name":"wp","href":"https:\/\/api.w.org\/{rel}","templated":true}]}}